{"id":113,"date":"2025-12-13T12:38:58","date_gmt":"2025-12-13T12:38:58","guid":{"rendered":"https:\/\/linksroom.de\/?page_id=113"},"modified":"2025-12-13T12:38:58","modified_gmt":"2025-12-13T12:38:58","slug":"datenschutzerklaerung","status":"publish","type":"page","link":"https:\/\/linksroom.de\/?page_id=113","title":{"rendered":"Datenschutzerkl\u00e4rung"},"content":{"rendered":"\n<p>Als Betreiberin dieser Seite nehmen wir (LinksRoom e.V.) den Schutz deiner pers\u00f6nlichen Daten sehr ernst. Wir behandeln deine personenbezogenen Daten vertraulich und entsprechend der gesetzlichen Datenschutzvorschriften, sowie entsprechend der hier niedergeschriebenen Datenschutzerkl\u00e4rung. Die Nutzung unserer Website ist grunds\u00e4tzlich ohne Angabe personenbezogener Daten m\u00f6glich. Soweit personenbezogene Daten (beispielsweise Name, Anschrift oder E-Mail-Adressen) erhoben werden, erfolgt dies stets auf freiwilliger Basis. Diese Daten werden nicht an Dritte weitergegeben.<\/p>\n\n\n\n<p>Wir weisen darauf hin, dass die Daten\u00fcbertragung im Internet (z. B. bei der Kommunikation per E-Mail) Sicherheitsl\u00fccken aufweisen kann. Ein l\u00fcckenloser Schutz der Daten vor dem Zugriff durch Dritte ist hierbei nicht m\u00f6glich.<\/p>\n\n\n\n<h2 class=\"wp-block-heading\">Google Analytics<\/h2>\n\n\n\n<p>Diese Website nutzt Funktionen des Webanalysedienstes Google Analytics. Anbieterin ist die Google Inc., 1600 Amphitheatre Parkway Mountain View, CA 94043, USA.<\/p>\n\n\n\n<p>Google Analytics verwendet so genannte \u201eCookies\u201c. Das sind Textdateien, die auf deinem Computer gespeichert werden und die eine Analyse der Benutzung der Website durch dich erm\u00f6glichen. Die durch den Cookie erzeugten Informationen \u00fcber deine Benutzung dieser Website werden in der Regel an einen Server von Google in den USA \u00fcbertragen und dort gespeichert.<\/p>\n\n\n\n<p><strong>BROWSER PLUGIN<\/strong><\/p>\n\n\n\n<p>Du kannst die Speicherung der Cookies durch eine entsprechende Einstellung deiner Browser-Software verhindern; wir weisen dich jedoch darauf hin, dass du in diesem Fall gegebenenfalls nicht s\u00e4mtliche Funktionen dieser Website vollumf\u00e4nglich werden nutzen kannst. Du kannst dar\u00fcber hinaus die Erfassung der durch den Cookie erzeugten und auf deine Nutzung der Website bezogenen Daten (inkl. deiner IP-Adresse) an Google sowie die Verarbeitung dieser Daten durch Google verhindern, indem du das unter dem folgenden Link verf\u00fcgbare Browser-Plugin herunterl\u00e4dst und installierst:<br>\u00a0<a href=\"https:\/\/tools.google.com\/dlpage\/gaoptout?hl=de\" target=\"_blank\" rel=\"noreferrer noopener\">https:\/\/tools.google.com\/dlpage\/gaoptout?hl=de<\/a><\/p>\n\n\n\n<p><strong>WIDERSPRUCH GEGEN DATENERFASSUNG<\/strong><\/p>\n\n\n\n<p>Du kannst die Erfassung deiner Daten durch Google Analytics verhindern, indem du auf folgenden Link klickst. Es wird ein Opt-Out-Cookie gesetzt, der die Erfassung deiner Daten bei zuk\u00fcnftigen Besuchen dieser Website verhindert:&nbsp;<a href=\"https:\/\/tools.google.com\/dlpage\/gaoptout?hl=de\" target=\"_blank\" rel=\"noreferrer noopener\">https:\/\/tools.google.com\/dlpage\/gaoptout?hl=de.<\/a><\/p>\n\n\n\n<p>Mehr Informationen zum Umgang mit Nutzerdaten bei Google Analytics findest du in der Datenschutzerkl\u00e4rung von Google:&nbsp;<a href=\"https:\/\/support.google.com\/analytics\/answer\/6004245?hl=de\" target=\"_blank\" rel=\"noreferrer noopener\">https:\/\/support.google.com\/analytics\/answer\/6004245?hl=de<\/a>.<\/p>\n\n\n\n<h2 class=\"wp-block-heading\">FACEBOOK-PLUGINS (LIKE-BUTTON)<\/h2>\n\n\n\n<p>Auf unseren Seiten sind Plugins des sozialen Netzwerks Facebook, Anbieter Facebook Inc., 1 Hacker Way, Menlo Park, California 94025, USA, integriert. Die Facebook-Plugins erkennst du an dem Facebook-Logo oder dem \u201eLike-Button\u201c (\u201eGef\u00e4llt mir\u201c) auf unserer Seite. Eine \u00dcbersicht \u00fcber die Facebook-Plugins findest du hier:&nbsp;<a href=\"https:\/\/developers.facebook.com\/docs\/plugins\/\" target=\"_blank\" rel=\"noreferrer noopener\">https:\/\/developers.facebook.com\/docs\/plugins\/<\/a>.<\/p>\n\n\n\n<p>Wenn du unsere Seiten besuchst, wird \u00fcber das Plugin eine direkte Verbindung zwischen deinem Browser und dem Facebook-Server hergestellt. Facebook erh\u00e4lt dadurch die Information, dass du mit deiner IP- Adresse unsere Seite besucht hast. Wenn du den Facebook \u201eLike-Button\u201c anklickst w\u00e4hrend du in deinem Facebook-Account eingeloggt bist, kannst du die Inhalte unserer Seiten auf deinem Facebook-Profil verlinken. Dadurch kann Facebook den Besuch unserer Seiten deinem Benutzungskonto zuordnen. Wir weisen darauf hin, dass wir als Anbieterin der Seiten keine Kenntnis vom Inhalt der \u00fcbermittelten Daten sowie deren Nutzung durch Facebook erhalten. Weitere Informationen hierzu findest du in der Datenschutzerkl\u00e4rung von Facebook:&nbsp;<a href=\"https:\/\/de-de.facebook.com\/policy.php\" target=\"_blank\" rel=\"noreferrer noopener\">https:\/\/de-de.facebook.com\/policy.php<\/a>.<\/p>\n\n\n\n<p>Wenn du nicht w\u00fcnschst, dass Facebook den Besuch unserer Seiten deinem Facebook-Benutzungskonto zuordnen kann, logge dich bitte aus deinem Facebook-Benutzungskonto aus.<\/p>\n\n\n\n<h2 class=\"wp-block-heading\">Facebook<\/h2>\n\n\n\n<p>Wir nutzen Facebook f\u00fcr unsere Facebookseite, auf welcher wir \u00fcber die Aktivit\u00e4ten des Vereins informieren. Damit werden die Seite und die durch Facebook gespeicherten Daten auch zu Werbezwecken f\u00fcr unseren Verein genutzt.<\/p>\n\n\n\n<p>Facebook nutzt sog. Cookies, welche durch deinen Browser automatisch erstellt werden und auf deinem Endger\u00e4t (Computer, Laptop, Smartphone o. \u00e4.) gespeichert werden. In diesem Cookie werden durch dein Endger\u00e4t Informationen an Facebook \u00fcbermittelt. Wir erfahren hierdurch nicht deine Identit\u00e4t. Weitere Informationen \u00fcber den Einsatz von Cookies erf\u00e4hrst du in der Facebook-Cookie-Richtlinie:&nbsp;<a href=\"https:\/\/www.facebook.com\/policies\/cookies\/\" target=\"_blank\" rel=\"noreferrer noopener\">https:\/\/www.facebook.com\/policies\/cookies\/<\/a>. Welche Daten konkret von Facebook erfasst werden, kannst du in der Datenrichtlinie von Facebook einsehen:&nbsp;<a href=\"https:\/\/www.facebook.com\/policy\" target=\"_blank\" rel=\"noreferrer noopener\">https:\/\/www.facebook.com\/policy<\/a>.<\/p>\n\n\n\n<h2 class=\"wp-block-heading\">Google+<\/h2>\n\n\n\n<p>Unsere Seiten nutzen Funktionen von Google+. Anbieterin ist die Google Inc., 1600 Amphitheatre Parkway Mountain View, CA 94043, USA.<\/p>\n\n\n\n<p>Erfassung und Weitergabe von Informationen: Mithilfe der Google+-Schaltfl\u00e4che kannst du Informationen weltweit ver\u00f6ffentlichen. \u00dcber die Google+-Schaltfl\u00e4che erh\u00e4ltst du und andere Nutzende personalisierte Inhalte von Google und unseren Partner*innen. Google speichert sowohl die Information, dass du f\u00fcr einen Inhalt +1 gegeben hast, als auch Informationen \u00fcber die Seite, die du beim Klicken auf +1 angesehen hast. Deine +1 k\u00f6nnen als Hinweise zusammen mit deinem Profilnamen und deinem Foto in Google-Diensten, wie etwa in Suchergebnissen oder in deinem Google-Profil, oder an anderen Stellen auf Websites und Anzeigen im Internet eingeblendet werden.<\/p>\n\n\n\n<p>Google zeichnet Informationen \u00fcber deine +1-Aktivit\u00e4ten auf, um die Google-Dienste f\u00fcr dich und andere zu verbessern. Um die Google+-Schaltfl\u00e4che verwenden zu k\u00f6nnen, ben\u00f6tigst du ein weltweit sichtbares, \u00f6ffentliches Google-Profil, das zumindest den f\u00fcr das Profil gew\u00e4hlten Namen enthalten muss. Dieser Name wird in allen Google-Diensten verwendet. In manchen F\u00e4llen kann dieser Name auch einen anderen Namen ersetzen, den du beim Teilen von Inhalten \u00fcber dein Google-Konto verwendet hast. Die Identit\u00e4t deines Google-Profils kann Nutzende angezeigt werden, die deine E-Mail-Adresse kennen oder \u00fcber andere identifizierende Informationen von dir verf\u00fcgen.<\/p>\n\n\n\n<p>Verwendung der erfassten Informationen: Neben den oben erl\u00e4uterten Verwendungszwecken werden die von dir bereitgestellten Informationen gem\u00e4\u00df den geltenden Google-Datenschutzbestimmungen genutzt. Google ver\u00f6ffentlicht m\u00f6glicherweise zusammengefasste Statistiken \u00fcber die +1-Aktivit\u00e4ten der Nutzenden bzw. gibt diese an Nutzende und Partner*innen weiter, wie etwa Publisher, Inserent*innen oder verbundene Websites.<\/p>\n\n\n\n<h2 class=\"wp-block-heading\">Youtube<\/h2>\n\n\n\n<p>Unsere Website nutzt Plugins der von Google betriebenen Seite YouTube. Betreiberin der Seiten ist die YouTube, LLC, 901 Cherry Ave., San Bruno, CA 94066, USA. Wenn du eine unserer mit einem YouTube-Plugin ausgestatteten Seiten besuchst, wird eine Verbindung zu den Servern von YouTube hergestellt. Dabei wird dem Youtube-Server mitgeteilt, welche unserer Seiten du besucht hast.<\/p>\n\n\n\n<p>Wenn du in deinem YouTube-Account eingeloggt bist, erm\u00f6glichst du YouTube, dein Surfverhalten direkt deinem pers\u00f6nlichen Profil zuzuordnen. Dies kannst du verhindern, indem du dich aus deinem YouTube-Account ausloggst.<\/p>\n\n\n\n<p>Weitere Informationen zum Umgang von Nutzendendaten findest du in der Datenschutzerkl\u00e4rung von YouTube:&nbsp;<a href=\"https:\/\/www.google.de\/intl\/de\/policies\/privacy\" target=\"_blank\" rel=\"noreferrer noopener\">https:\/\/www.google.de\/intl\/de\/policies\/privacy<\/a>.<\/p>\n\n\n\n<p>Quelle: e-recht24.de<\/p>\n\n\n\n<p><\/p>\n","protected":false},"excerpt":{"rendered":"<p>Als Betreiberin dieser Seite nehmen wir (LinksRoom e.V.) den Schutz deiner pers\u00f6nlichen Daten sehr ernst. Wir behandeln deine personenbezogenen Daten vertraulich und entsprechend der gesetzlichen Datenschutzvorschriften, sowie entsprechend der hier niedergeschriebenen Datenschutzerkl\u00e4rung. Die Nutzung unserer Website ist grunds\u00e4tzlich ohne Angabe personenbezogener Daten m\u00f6glich. Soweit personenbezogene Daten (beispielsweise Name, Anschrift oder E-Mail-Adressen) erhoben werden, erfolgt dies stets auf freiwilliger Basis. Diese Daten werden nicht an Dritte weitergegeben. Wir weisen darauf hin, dass die Daten\u00fcbertragung im Internet (z. B. bei der Kommunikation per E-Mail) Sicherheitsl\u00fccken aufweisen kann. Ein l\u00fcckenloser Schutz der Daten vor dem Zugriff durch Dritte ist hierbei nicht m\u00f6glich. Google Analytics Diese Website nutzt Funktionen des Webanalysedienstes Google Analytics. Anbieterin &hellip; <a href=\"https:\/\/linksroom.de\/?page_id=113\" class=\"more-link\"><span class=\"screen-reader-text\">Datenschutzerkl\u00e4rung<\/span> weiterlesen <span class=\"meta-nav\">&rarr;<\/span><\/a><\/p>\n","protected":false},"author":1,"featured_media":0,"parent":0,"menu_order":0,"comment_status":"closed","ping_status":"closed","template":"","meta":{"footnotes":""},"class_list":["post-113","page","type-page","status-publish","hentry"],"_links":{"self":[{"href":"https:\/\/linksroom.de\/index.php?rest_route=\/wp\/v2\/pages\/113","targetHints":{"allow":["GET"]}}],"collection":[{"href":"https:\/\/linksroom.de\/index.php?rest_route=\/wp\/v2\/pages"}],"about":[{"href":"https:\/\/linksroom.de\/index.php?rest_route=\/wp\/v2\/types\/page"}],"author":[{"embeddable":true,"href":"https:\/\/linksroom.de\/index.php?rest_route=\/wp\/v2\/users\/1"}],"replies":[{"embeddable":true,"href":"https:\/\/linksroom.de\/index.php?rest_route=%2Fwp%2Fv2%2Fcomments&post=113"}],"version-history":[{"count":2,"href":"https:\/\/linksroom.de\/index.php?rest_route=\/wp\/v2\/pages\/113\/revisions"}],"predecessor-version":[{"id":116,"href":"https:\/\/linksroom.de\/index.php?rest_route=\/wp\/v2\/pages\/113\/revisions\/116"}],"wp:attachment":[{"href":"https:\/\/linksroom.de\/index.php?rest_route=%2Fwp%2Fv2%2Fmedia&parent=113"}],"curies":[{"name":"wp","href":"https:\/\/api.w.org\/{rel}","templated":true}]}}